{"id":174,"date":"2026-04-12T17:40:28","date_gmt":"2026-04-12T15:40:28","guid":{"rendered":"https:\/\/home-5020208723.webspace-host.com\/?page_id=174"},"modified":"2026-04-12T17:40:29","modified_gmt":"2026-04-12T15:40:29","slug":"faq","status":"publish","type":"page","link":"https:\/\/blvintage.com\/en\/faq\/","title":{"rendered":"FAQ"},"content":{"rendered":"<p class=\"has-koulen-font-family\"><strong>\u00bfCompr\u00e1is ropa de particulares?<\/strong><\/p>\n\n\n\n<p class=\"ext-animate--on has-koulen-font-family\">No. Toda nuestra ropa la seleccionamos directamente a traves de nuestros proveedores. Es la \u00fanica forma de garantizar la calidad y criterio de selecci\u00f3n que nos define.<\/p>\n\n\n\n<p class=\"ext-animate--on has-koulen-font-family\"><strong>\u00bfTen\u00e9is secci\u00f3n de chica y de chico?<\/strong><\/p>\n\n\n\n<p class=\"ext-animate--on has-koulen-font-family\">No exactamente. La mayor\u00eda de nuestras prendas &#8211; sudaderas, camisetas, camisas, pantalones&#8230; &#8211; las entendemos como unisex. El vintage no entiende mucho de etiquetas: si te queda bien y te representa, es para t\u00ed.<\/p>\n\n\n\n<p class=\"ext-animate--on has-koulen-font-family\"><strong>\u00bfTen\u00e9is tallas grandes?<\/strong><\/p>\n\n\n\n<p class=\"ext-animate--on has-koulen-font-family\">S\u00ed. Trabajamos mucho con genero americano, lo que significa que encontrar\u00e9is tallas que habitualmente no se ven por aqu\u00ed. Si tienes talla grande, merece la pena pasarte.<\/p>\n\n\n\n<p class=\"ext-animate--on has-koulen-font-family\"><strong>\u00bfAcept\u00e1is tarjeta?<\/strong><\/p>\n\n\n\n<p class=\"ext-animate--on has-koulen-font-family\">S\u00ed, aceptamos pagos tanto en efectivo, como en tarjeta<\/p>\n\n\n\n<p class=\"ext-animate--on has-koulen-font-family\"><strong>\u00bfPod\u00e9is apartar una prenda?<\/strong><\/p>\n\n\n\n<p class=\"ext-animate--on has-koulen-font-family\">Dependiendo del caso. Si ya nos conoces, hablamos. Si es tu primera vez, p\u00e1sate por la tienda.<\/p>\n\n\n\n<p class=\"ext-animate--on has-koulen-font-family\"><strong>\u00bfHac\u00e9is envios?<\/strong><\/p>\n\n\n\n<p class=\"ext-animate--on has-koulen-font-family\">Solo venta f\u00edsica. Si no puedes pasarte, puedes echar un vistazo a nuestro perfil de Wallapop donde publicamos algunas piezas seleccionadas.<\/p>","protected":false},"excerpt":{"rendered":"<p>\u00bfCompr\u00e1is ropa de particulares? No. Toda nuestra ropa la seleccionamos directamente a traves de nuestros proveedores. Es la \u00fanica forma de garantizar la calidad y criterio de selecci\u00f3n que nos define. \u00bfTen\u00e9is secci\u00f3n de chica y de chico? No exactamente. La mayor\u00eda de nuestras prendas &#8211; sudaderas, camisetas, camisas, pantalones&#8230; &#8211; las entendemos como unisex. [&hellip;]<\/p>\n","protected":false},"author":1,"featured_media":0,"parent":0,"menu_order":0,"comment_status":"closed","ping_status":"closed","template":"page-with-title","meta":{"footnotes":""},"class_list":["post-174","page","type-page","status-publish","hentry"],"_links":{"self":[{"href":"https:\/\/blvintage.com\/en\/wp-json\/wp\/v2\/pages\/174","targetHints":{"allow":["GET"]}}],"collection":[{"href":"https:\/\/blvintage.com\/en\/wp-json\/wp\/v2\/pages"}],"about":[{"href":"https:\/\/blvintage.com\/en\/wp-json\/wp\/v2\/types\/page"}],"author":[{"embeddable":true,"href":"https:\/\/blvintage.com\/en\/wp-json\/wp\/v2\/users\/1"}],"replies":[{"embeddable":true,"href":"https:\/\/blvintage.com\/en\/wp-json\/wp\/v2\/comments?post=174"}],"version-history":[{"count":1,"href":"https:\/\/blvintage.com\/en\/wp-json\/wp\/v2\/pages\/174\/revisions"}],"predecessor-version":[{"id":175,"href":"https:\/\/blvintage.com\/en\/wp-json\/wp\/v2\/pages\/174\/revisions\/175"}],"wp:attachment":[{"href":"https:\/\/blvintage.com\/en\/wp-json\/wp\/v2\/media?parent=174"}],"curies":[{"name":"wp","href":"https:\/\/api.w.org\/{rel}","templated":true}]}}