{"id":180,"date":"2026-04-12T18:23:38","date_gmt":"2026-04-12T16:23:38","guid":{"rendered":"https:\/\/home-5020208723.webspace-host.com\/?page_id=180"},"modified":"2026-04-12T19:23:26","modified_gmt":"2026-04-12T17:23:26","slug":"archivo","status":"publish","type":"page","link":"https:\/\/blvintage.com\/en\/archivo\/","title":{"rendered":"Archivo"},"content":{"rendered":"<p class=\"has-koulen-font-family\">Aqu\u00ed guardamos las piezas que nos han parecido remarcables. Las que tienen historia, las que nos han sorprendido, las que simplemente no podemos dejar pasar. Algunas siguen en tienda, otras ya tienen nuevo due\u00f1o. Esto es lo que hemos encontrado.<\/p>\n\n\n\n<div class=\"wp-block-group alignfull is-style-ext-preset--group--natural-1--section ext-animate--on has-background-background-color has-background has-global-padding is-layout-constrained wp-block-group-is-layout-constrained\" style=\"margin-top:0;margin-bottom:0;padding-top:var(--wp--preset--spacing--70);padding-bottom:var(--wp--preset--spacing--70)\">\n<div class=\"wp-block-columns alignwide are-vertically-aligned-center ext-animate--on has-background is-layout-flex wp-container-core-columns-is-layout-174606dc wp-block-columns-is-layout-flex\" style=\"background-color:#fbd4d4\">\n<div class=\"wp-block-column is-vertically-aligned-center ext-animate--on is-layout-flow wp-block-column-is-layout-flow\">\n<div class=\"wp-block-columns ext-animate--on is-layout-flex wp-container-core-columns-is-layout-ea69a204 wp-block-columns-is-layout-flex\">\n<div class=\"wp-block-column ext-animate--on is-layout-flow wp-container-core-column-is-layout-22223934 wp-block-column-is-layout-flow\" style=\"flex-basis:136px\">\n<figure class=\"wp-block-image size-full is-style-ext-preset--image--natural-1--image-1--content-left ext-animate--on is-style-ext-preset--image--natural-1--image-1--content-left--2\"><img loading=\"lazy\" decoding=\"async\" width=\"640\" height=\"852\" src=\"https:\/\/home-5020208723.webspace-host.com\/wp-content\/uploads\/2026\/04\/i2073422680.webp\" alt=\"\" class=\"wp-image-185\" style=\"aspect-ratio:1;object-fit:cover\" srcset=\"https:\/\/blvintage.com\/wp-content\/uploads\/2026\/04\/i2073422680.webp 640w, https:\/\/blvintage.com\/wp-content\/uploads\/2026\/04\/i2073422680-225x300.webp 225w, https:\/\/blvintage.com\/wp-content\/uploads\/2026\/04\/i2073422680-9x12.webp 9w\" sizes=\"auto, (max-width: 640px) 100vw, 640px\" \/><\/figure>\n\n\n\n<figure class=\"wp-block-image size-full is-style-ext-preset--image--natural-1--image-1--content-left ext-animate--on is-style-ext-preset--image--natural-1--image-1--content-left--3\"><img loading=\"lazy\" decoding=\"async\" width=\"640\" height=\"852\" src=\"https:\/\/home-5020208723.webspace-host.com\/wp-content\/uploads\/2026\/04\/i2073422693.webp\" alt=\"\" class=\"wp-image-184\" style=\"aspect-ratio:1;object-fit:cover\" srcset=\"https:\/\/blvintage.com\/wp-content\/uploads\/2026\/04\/i2073422693.webp 640w, https:\/\/blvintage.com\/wp-content\/uploads\/2026\/04\/i2073422693-225x300.webp 225w, https:\/\/blvintage.com\/wp-content\/uploads\/2026\/04\/i2073422693-9x12.webp 9w\" sizes=\"auto, (max-width: 640px) 100vw, 640px\" \/><\/figure>\n\n\n\n<figure class=\"wp-block-image size-full is-style-ext-preset--image--natural-1--image-1--content-left ext-animate--on is-style-ext-preset--image--natural-1--image-1--content-left--4\"><img loading=\"lazy\" decoding=\"async\" width=\"640\" height=\"852\" src=\"https:\/\/home-5020208723.webspace-host.com\/wp-content\/uploads\/2026\/04\/i2073414906.webp\" alt=\"\" class=\"wp-image-183\" style=\"aspect-ratio:1;object-fit:cover\" srcset=\"https:\/\/blvintage.com\/wp-content\/uploads\/2026\/04\/i2073414906.webp 640w, https:\/\/blvintage.com\/wp-content\/uploads\/2026\/04\/i2073414906-225x300.webp 225w, https:\/\/blvintage.com\/wp-content\/uploads\/2026\/04\/i2073414906-9x12.webp 9w\" sizes=\"auto, (max-width: 640px) 100vw, 640px\" \/><\/figure>\n\n\n\n<figure class=\"wp-block-image size-full is-style-ext-preset--image--natural-1--image-1--content-left ext-animate--on is-style-ext-preset--image--natural-1--image-1--content-left--5\"><img loading=\"lazy\" decoding=\"async\" width=\"640\" height=\"852\" src=\"https:\/\/home-5020208723.webspace-host.com\/wp-content\/uploads\/2026\/04\/i2073416810.webp\" alt=\"\" class=\"wp-image-186\" style=\"aspect-ratio:1;object-fit:cover\"\/><\/figure>\n<\/div>\n\n\n\n<div class=\"wp-block-column ext-animate--on is-layout-flow wp-block-column-is-layout-flow\">\n<div class=\"wp-block-cover is-light is-style-ext-preset--image--natural-1--image-1--content-right ext-animate--on is-style-ext-preset--image--natural-1--image-1--content-right--6\" style=\"padding-top:0;padding-bottom:0;min-height:100%;aspect-ratio:unset;\"><img loading=\"lazy\" decoding=\"async\" width=\"640\" height=\"852\" class=\"wp-block-cover__image-background wp-image-182 size-full\" alt=\"\" src=\"https:\/\/home-5020208723.webspace-host.com\/wp-content\/uploads\/2026\/04\/i2073412856.webp\" data-object-fit=\"cover\" srcset=\"https:\/\/blvintage.com\/wp-content\/uploads\/2026\/04\/i2073412856.webp 640w, https:\/\/blvintage.com\/wp-content\/uploads\/2026\/04\/i2073412856-225x300.webp 225w, https:\/\/blvintage.com\/wp-content\/uploads\/2026\/04\/i2073412856-9x12.webp 9w\" sizes=\"auto, (max-width: 640px) 100vw, 640px\" \/><span aria-hidden=\"true\" class=\"wp-block-cover__background has-background-dim-0 has-background-dim\" style=\"background-color:#a27962\"><\/span><div class=\"wp-block-cover__inner-container is-layout-flow wp-block-cover-is-layout-flow\">\n<div style=\"height:240px\" aria-hidden=\"true\" class=\"wp-block-spacer ext-animate--on\"><\/div>\n<\/div><\/div>\n<\/div>\n<\/div>\n<\/div>\n\n\n\n<div class=\"wp-block-column is-vertically-aligned-center ext-animate--on is-layout-flow wp-block-column-is-layout-flow\">\n<h2 class=\"wp-block-heading ext-animate--on has-koulen-font-family\">Cazadora Vaquera Lee<\/h2>\n\n\n\n<p class=\"ext-animate--on has-koulen-font-family\" style=\"margin-top:1.5rem\">Esta cazadora vaquera de la marca Lee, est\u00e1 hecha en USA a finales de los 80 y es una variaci\u00f3n del modelo 101J para mujer. Lo que la hace verdaderamente especial y una pieza de coleccionista es el estampado de flores de f\u00e1brica, algo muy poco com\u00fan.<\/p>\n\n\n\n<p class=\"ext-animate--on\"><\/p>\n<\/div>\n<\/div>\n<\/div>\n\n\n\n<div class=\"wp-block-group alignfull is-style-ext-preset--group--natural-1--section ext-animate--on has-background-background-color has-background has-global-padding is-layout-constrained wp-block-group-is-layout-constrained\" style=\"margin-top:0;margin-bottom:0;padding-top:var(--wp--preset--spacing--70);padding-bottom:var(--wp--preset--spacing--70)\">\n<div class=\"wp-block-columns alignwide are-vertically-aligned-center ext-animate--on has-background is-layout-flex wp-container-core-columns-is-layout-174606dc wp-block-columns-is-layout-flex\" style=\"background-color:#bbf8b3\">\n<div class=\"wp-block-column is-vertically-aligned-center ext-animate--on is-layout-flow wp-block-column-is-layout-flow\">\n<div class=\"wp-block-columns ext-animate--on is-layout-flex wp-container-core-columns-is-layout-ea69a204 wp-block-columns-is-layout-flex\">\n<div class=\"wp-block-column ext-animate--on is-layout-flow wp-container-core-column-is-layout-22223934 wp-block-column-is-layout-flow\" style=\"flex-basis:136px\">\n<figure class=\"wp-block-image size-full is-style-ext-preset--image--natural-1--image-1--content-left ext-animate--on is-style-ext-preset--image--natural-1--image-1--content-left--8\"><img loading=\"lazy\" decoding=\"async\" width=\"640\" height=\"852\" src=\"https:\/\/home-5020208723.webspace-host.com\/wp-content\/uploads\/2026\/04\/i3163430624.webp\" alt=\"\" class=\"wp-image-199\" style=\"aspect-ratio:1;object-fit:cover\"\/><\/figure>\n\n\n\n<figure class=\"wp-block-image size-full is-style-ext-preset--image--natural-1--image-1--content-left ext-animate--on is-style-ext-preset--image--natural-1--image-1--content-left--9\"><img loading=\"lazy\" decoding=\"async\" width=\"640\" height=\"481\" src=\"https:\/\/home-5020208723.webspace-host.com\/wp-content\/uploads\/2026\/04\/i3163430586.webp\" alt=\"\" class=\"wp-image-200\" style=\"aspect-ratio:1;object-fit:cover\"\/><\/figure>\n\n\n\n<figure class=\"wp-block-image size-full is-style-ext-preset--image--natural-1--image-1--content-left ext-animate--on is-style-ext-preset--image--natural-1--image-1--content-left--10\"><img loading=\"lazy\" decoding=\"async\" width=\"640\" height=\"852\" src=\"https:\/\/home-5020208723.webspace-host.com\/wp-content\/uploads\/2026\/04\/i3163430471.webp\" alt=\"\" class=\"wp-image-198\" style=\"aspect-ratio:1;object-fit:cover\" srcset=\"https:\/\/blvintage.com\/wp-content\/uploads\/2026\/04\/i3163430471.webp 640w, https:\/\/blvintage.com\/wp-content\/uploads\/2026\/04\/i3163430471-225x300.webp 225w, https:\/\/blvintage.com\/wp-content\/uploads\/2026\/04\/i3163430471-9x12.webp 9w\" sizes=\"auto, (max-width: 640px) 100vw, 640px\" \/><\/figure>\n\n\n\n<figure class=\"wp-block-image size-full is-style-ext-preset--image--natural-1--image-1--content-left ext-animate--on is-style-ext-preset--image--natural-1--image-1--content-left--11\"><img loading=\"lazy\" decoding=\"async\" width=\"640\" height=\"640\" src=\"https:\/\/home-5020208723.webspace-host.com\/wp-content\/uploads\/2026\/04\/i3163430450.webp\" alt=\"\" class=\"wp-image-197\" style=\"aspect-ratio:1;object-fit:cover\" srcset=\"https:\/\/blvintage.com\/wp-content\/uploads\/2026\/04\/i3163430450.webp 640w, https:\/\/blvintage.com\/wp-content\/uploads\/2026\/04\/i3163430450-300x300.webp 300w, https:\/\/blvintage.com\/wp-content\/uploads\/2026\/04\/i3163430450-150x150.webp 150w, https:\/\/blvintage.com\/wp-content\/uploads\/2026\/04\/i3163430450-12x12.webp 12w\" sizes=\"auto, (max-width: 640px) 100vw, 640px\" \/><\/figure>\n<\/div>\n\n\n\n<div class=\"wp-block-column ext-animate--on is-layout-flow wp-block-column-is-layout-flow\">\n<div class=\"wp-block-cover is-light is-style-ext-preset--image--natural-1--image-1--content-right ext-animate--on is-style-ext-preset--image--natural-1--image-1--content-right--12\" style=\"padding-top:0;padding-bottom:0;min-height:100%;aspect-ratio:unset;\"><img loading=\"lazy\" decoding=\"async\" width=\"640\" height=\"640\" class=\"wp-block-cover__image-background wp-image-196 size-full\" alt=\"\" src=\"https:\/\/home-5020208723.webspace-host.com\/wp-content\/uploads\/2026\/04\/i3163430445.webp\" data-object-fit=\"cover\"\/><span aria-hidden=\"true\" class=\"wp-block-cover__background has-background-dim-0 has-background-dim\" style=\"background-color:#f1eeeb\"><\/span><div class=\"wp-block-cover__inner-container is-layout-flow wp-block-cover-is-layout-flow\">\n<div style=\"height:240px\" aria-hidden=\"true\" class=\"wp-block-spacer ext-animate--on\"><\/div>\n<\/div><\/div>\n<\/div>\n<\/div>\n<\/div>\n\n\n\n<div class=\"wp-block-column is-vertically-aligned-center ext-animate--on is-layout-flow wp-block-column-is-layout-flow\">\n<h2 class=\"wp-block-heading ext-animate--on has-koulen-font-family\">Chaqueta Adidas \u00abThe Face\u00bb<\/h2>\n\n\n\n<p class=\"ext-animate--on has-koulen-font-family\" style=\"margin-top:1.5rem\">Esta es una pieza del a\u00f1o 1987 de la linea del tenista checo Ivan Lendl, se trata de una pieza iconica de la marca Adidas fabricada en Alemania Occidental en un estado realmente impoluto, toda una pieza de coleccionista.<\/p>\n<\/div>\n<\/div>\n<\/div>\n\n\n\n<div class=\"wp-block-group alignfull is-style-ext-preset--group--natural-1--section ext-animate--on has-background-background-color has-background has-global-padding is-layout-constrained wp-block-group-is-layout-constrained\" style=\"margin-top:0;margin-bottom:0;padding-top:var(--wp--preset--spacing--70);padding-bottom:var(--wp--preset--spacing--70)\">\n<div class=\"wp-block-columns alignwide are-vertically-aligned-center ext-animate--on has-secondary-background-color has-background is-layout-flex wp-container-core-columns-is-layout-174606dc wp-block-columns-is-layout-flex\">\n<div class=\"wp-block-column is-vertically-aligned-center ext-animate--on is-layout-flow wp-block-column-is-layout-flow\">\n<div class=\"wp-block-columns ext-animate--on is-layout-flex wp-container-core-columns-is-layout-ea69a204 wp-block-columns-is-layout-flex\">\n<div class=\"wp-block-column ext-animate--on is-layout-flow wp-container-core-column-is-layout-22223934 wp-block-column-is-layout-flow\" style=\"flex-basis:136px\">\n<figure class=\"wp-block-image size-full is-style-ext-preset--image--natural-1--image-1--content-left ext-animate--on is-style-ext-preset--image--natural-1--image-1--content-left--14\"><img loading=\"lazy\" decoding=\"async\" width=\"640\" height=\"853\" src=\"https:\/\/home-5020208723.webspace-host.com\/wp-content\/uploads\/2026\/04\/i1265818292.webp\" alt=\"\" class=\"wp-image-190\" style=\"aspect-ratio:1;object-fit:cover\"\/><\/figure>\n\n\n\n<figure class=\"wp-block-image size-full is-style-ext-preset--image--natural-1--image-1--content-left ext-animate--on is-style-ext-preset--image--natural-1--image-1--content-left--15\"><img loading=\"lazy\" decoding=\"async\" width=\"640\" height=\"853\" src=\"https:\/\/home-5020208723.webspace-host.com\/wp-content\/uploads\/2026\/04\/i1265814518.webp\" alt=\"\" class=\"wp-image-192\" style=\"aspect-ratio:1;object-fit:cover\" srcset=\"https:\/\/blvintage.com\/wp-content\/uploads\/2026\/04\/i1265814518.webp 640w, https:\/\/blvintage.com\/wp-content\/uploads\/2026\/04\/i1265814518-225x300.webp 225w, https:\/\/blvintage.com\/wp-content\/uploads\/2026\/04\/i1265814518-9x12.webp 9w\" sizes=\"auto, (max-width: 640px) 100vw, 640px\" \/><\/figure>\n\n\n\n<figure class=\"wp-block-image size-full is-style-ext-preset--image--natural-1--image-1--content-left ext-animate--on is-style-ext-preset--image--natural-1--image-1--content-left--16\"><img loading=\"lazy\" decoding=\"async\" width=\"640\" height=\"853\" src=\"https:\/\/home-5020208723.webspace-host.com\/wp-content\/uploads\/2026\/04\/i1265828184.webp\" alt=\"\" class=\"wp-image-191\" style=\"aspect-ratio:1;object-fit:cover\"\/><\/figure>\n\n\n\n<figure class=\"wp-block-image size-full is-style-ext-preset--image--natural-1--image-1--content-left ext-animate--on is-style-ext-preset--image--natural-1--image-1--content-left--17\"><img loading=\"lazy\" decoding=\"async\" width=\"640\" height=\"853\" src=\"https:\/\/home-5020208723.webspace-host.com\/wp-content\/uploads\/2026\/04\/i1265812814.webp\" alt=\"\" class=\"wp-image-193\" style=\"aspect-ratio:1;object-fit:cover\" srcset=\"https:\/\/blvintage.com\/wp-content\/uploads\/2026\/04\/i1265812814.webp 640w, https:\/\/blvintage.com\/wp-content\/uploads\/2026\/04\/i1265812814-225x300.webp 225w, https:\/\/blvintage.com\/wp-content\/uploads\/2026\/04\/i1265812814-9x12.webp 9w\" sizes=\"auto, (max-width: 640px) 100vw, 640px\" \/><\/figure>\n<\/div>\n\n\n\n<div class=\"wp-block-column ext-animate--on is-layout-flow wp-block-column-is-layout-flow\">\n<div class=\"wp-block-cover is-light is-style-ext-preset--image--natural-1--image-1--content-right ext-animate--on is-style-ext-preset--image--natural-1--image-1--content-right--18\" style=\"padding-top:0;padding-bottom:0;min-height:100%;aspect-ratio:unset;\"><img loading=\"lazy\" decoding=\"async\" width=\"640\" height=\"853\" class=\"wp-block-cover__image-background wp-image-189 size-full\" alt=\"\" src=\"https:\/\/home-5020208723.webspace-host.com\/wp-content\/uploads\/2026\/04\/i1265818277.webp\" data-object-fit=\"cover\" srcset=\"https:\/\/blvintage.com\/wp-content\/uploads\/2026\/04\/i1265818277.webp 640w, https:\/\/blvintage.com\/wp-content\/uploads\/2026\/04\/i1265818277-225x300.webp 225w, https:\/\/blvintage.com\/wp-content\/uploads\/2026\/04\/i1265818277-9x12.webp 9w\" sizes=\"auto, (max-width: 640px) 100vw, 640px\" \/><span aria-hidden=\"true\" class=\"wp-block-cover__background has-background-dim-0 has-background-dim\" style=\"background-color:#a08986\"><\/span><div class=\"wp-block-cover__inner-container is-layout-flow wp-block-cover-is-layout-flow\">\n<div style=\"height:240px\" aria-hidden=\"true\" class=\"wp-block-spacer ext-animate--on\"><\/div>\n<\/div><\/div>\n<\/div>\n<\/div>\n<\/div>\n\n\n\n<div class=\"wp-block-column is-vertically-aligned-center ext-animate--on is-layout-flow wp-block-column-is-layout-flow\">\n<h2 class=\"wp-block-heading ext-animate--on has-koulen-font-family\">Camiseta de Arbitro NCAA<\/h2>\n\n\n\n<p class=\"ext-animate--on has-koulen-font-family\" style=\"margin-top:1.5rem\">Esta es una camiseta de arbitro de la NCAA (liga universitaria de f\u00fatbol americano) se trata de una camiseta oficial de la d\u00e9cada de 1960, nos ha alucinado el material y el buen estado de conservaci\u00f3n que tiene, sobre todo lo vivos que se mantienen los colores despu\u00e9s de todos estos a\u00f1os.<\/p>\n<\/div>\n<\/div>\n<\/div>","protected":false},"excerpt":{"rendered":"<p>Aqu\u00ed guardamos las piezas que nos han parecido remarcables. Las que tienen historia, las que nos han sorprendido, las que simplemente no podemos dejar pasar. Algunas siguen en tienda, otras ya tienen nuevo due\u00f1o. Esto es lo que hemos encontrado. Cazadora Vaquera Lee Esta cazadora vaquera de la marca Lee, est\u00e1 hecha en USA a [&hellip;]<\/p>\n","protected":false},"author":1,"featured_media":0,"parent":0,"menu_order":0,"comment_status":"closed","ping_status":"closed","template":"page-with-title","meta":{"footnotes":""},"class_list":["post-180","page","type-page","status-publish","hentry"],"_links":{"self":[{"href":"https:\/\/blvintage.com\/en\/wp-json\/wp\/v2\/pages\/180","targetHints":{"allow":["GET"]}}],"collection":[{"href":"https:\/\/blvintage.com\/en\/wp-json\/wp\/v2\/pages"}],"about":[{"href":"https:\/\/blvintage.com\/en\/wp-json\/wp\/v2\/types\/page"}],"author":[{"embeddable":true,"href":"https:\/\/blvintage.com\/en\/wp-json\/wp\/v2\/users\/1"}],"replies":[{"embeddable":true,"href":"https:\/\/blvintage.com\/en\/wp-json\/wp\/v2\/comments?post=180"}],"version-history":[{"count":9,"href":"https:\/\/blvintage.com\/en\/wp-json\/wp\/v2\/pages\/180\/revisions"}],"predecessor-version":[{"id":208,"href":"https:\/\/blvintage.com\/en\/wp-json\/wp\/v2\/pages\/180\/revisions\/208"}],"wp:attachment":[{"href":"https:\/\/blvintage.com\/en\/wp-json\/wp\/v2\/media?parent=180"}],"curies":[{"name":"wp","href":"https:\/\/api.w.org\/{rel}","templated":true}]}}