{"id":117,"date":"2026-04-11T11:34:46","date_gmt":"2026-04-11T11:34:46","guid":{"rendered":"https:\/\/blvintage.com\/?page_id=117"},"modified":"2026-04-11T11:34:46","modified_gmt":"2026-04-11T11:34:46","slug":"aviso-legal","status":"publish","type":"page","link":"https:\/\/blvintage.com\/es_es\/aviso-legal\/","title":{"rendered":"AVISO LEGAL"},"content":{"rendered":"\n<p class=\"ext-animate--on\"><strong>1. Datos identificativos<\/strong><\/p>\n\n\n\n<p class=\"ext-animate--on\">En cumplimiento con el deber de informaci\u00f3n recogido en la Ley 34\/2002, de Servicios de la Sociedad de la Informaci\u00f3n y del Comercio Electr\u00f3nico (LSSI-CE), se informa que el presente sitio web pertenece a:<\/p>\n\n\n\n<ul class=\"wp-block-list ext-animate--on\">\n<li class=\"ext-animate--on\"><strong>Titular:<\/strong> Brick Lane Vintage CB<\/li>\n\n\n\n<li class=\"ext-animate--on\"><strong>NIF:<\/strong> E70651567<\/li>\n\n\n\n<li class=\"ext-animate--on\"><strong>Domicilio:<\/strong> Calle Los Robles 15, 24007, Le\u00f3n (Espa\u00f1a)<\/li>\n\n\n\n<li class=\"ext-animate--on\"><strong>Correo electr\u00f3nico:<\/strong> <a>shop@blvintage.com<\/a><\/li>\n\n\n\n<li class=\"ext-animate--on\"><strong>Tel\u00e9fono:<\/strong> 987 919 125<\/li>\n<\/ul>\n\n\n\n<hr class=\"wp-block-separator has-alpha-channel-opacity ext-animate--on\"\/>\n\n\n\n<p class=\"ext-animate--on\"><strong>2. Objeto<\/strong><\/p>\n\n\n\n<p class=\"ext-animate--on\">El presente sitio web tiene car\u00e1cter informativo y tiene como finalidad dar a conocer la actividad de Brick Lane Vintage CB, as\u00ed como facilitar el acceso a sus perfiles en plataformas externas de compraventa y redes sociales.<\/p>\n\n\n\n<hr class=\"wp-block-separator has-alpha-channel-opacity ext-animate--on\"\/>\n\n\n\n<p class=\"ext-animate--on\"><strong>3. Condiciones de uso<\/strong><\/p>\n\n\n\n<p class=\"ext-animate--on\">El acceso y uso de este sitio web atribuye la condici\u00f3n de usuario, implicando la aceptaci\u00f3n plena de las presentes condiciones.<\/p>\n\n\n\n<p class=\"ext-animate--on\">El usuario se compromete a hacer un uso adecuado de los contenidos y servicios ofrecidos, absteni\u00e9ndose de:<\/p>\n\n\n\n<ul class=\"wp-block-list ext-animate--on\">\n<li class=\"ext-animate--on\">Realizar actividades il\u00edcitas o contrarias a la buena fe<\/li>\n\n\n\n<li class=\"ext-animate--on\">Provocar da\u00f1os en los sistemas del sitio web<\/li>\n\n\n\n<li class=\"ext-animate--on\">Introducir o difundir virus inform\u00e1ticos u otros sistemas que puedan causar da\u00f1os<\/li>\n<\/ul>\n\n\n\n<hr class=\"wp-block-separator has-alpha-channel-opacity ext-animate--on\"\/>\n\n\n\n<p class=\"ext-animate--on\"><strong>4. Propiedad intelectual e industrial<\/strong><\/p>\n\n\n\n<p class=\"ext-animate--on\">Todos los contenidos del sitio web (textos, im\u00e1genes, dise\u00f1o, logotipos, etc.) son propiedad de Brick Lane Vintage CB o cuentan con las licencias necesarias para su uso.<\/p>\n\n\n\n<p class=\"ext-animate--on\">Queda prohibida su reproducci\u00f3n, distribuci\u00f3n o modificaci\u00f3n sin autorizaci\u00f3n expresa del titular.<\/p>\n\n\n\n<hr class=\"wp-block-separator has-alpha-channel-opacity ext-animate--on\"\/>\n\n\n\n<p class=\"ext-animate--on\"><strong>5. Responsabilidad<\/strong><\/p>\n\n\n\n<p class=\"ext-animate--on\">Brick Lane Vintage CB no se responsabiliza de:<\/p>\n\n\n\n<ul class=\"wp-block-list ext-animate--on\">\n<li class=\"ext-animate--on\">El mal uso que los usuarios puedan hacer del sitio web<\/li>\n\n\n\n<li class=\"ext-animate--on\">La continuidad o disponibilidad del sitio web<\/li>\n\n\n\n<li class=\"ext-animate--on\">La presencia de virus u otros elementos que puedan causar da\u00f1os en sistemas inform\u00e1ticos<\/li>\n<\/ul>\n\n\n\n<hr class=\"wp-block-separator has-alpha-channel-opacity ext-animate--on\"\/>\n\n\n\n<p class=\"ext-animate--on\"><strong>6. Enlaces externos<\/strong><\/p>\n\n\n\n<p class=\"ext-animate--on\">Este sitio web puede contener enlaces a plataformas externas, tales como redes sociales o servicios de terceros (por ejemplo, plataformas de compraventa).<\/p>\n\n\n\n<p class=\"ext-animate--on\">Brick Lane Vintage CB no se responsabiliza del contenido, pol\u00edticas o pr\u00e1cticas de privacidad de dichos sitios externos.<\/p>\n\n\n\n<p class=\"ext-animate--on\">Las transacciones o interacciones que el usuario realice en dichas plataformas se regir\u00e1n por sus propias condiciones legales.<\/p>\n\n\n\n<hr class=\"wp-block-separator has-alpha-channel-opacity ext-animate--on\"\/>\n\n\n\n<p class=\"ext-animate--on\"><strong>7. Protecci\u00f3n de datos<\/strong><\/p>\n\n\n\n<p class=\"ext-animate--on\">El tratamiento de los datos personales se rige por lo establecido en la Pol\u00edtica de Privacidad de este sitio web.<\/p>\n\n\n\n<hr class=\"wp-block-separator has-alpha-channel-opacity ext-animate--on\"\/>\n\n\n\n<p class=\"ext-animate--on\"><strong>8. Uso de cookies<\/strong><\/p>\n\n\n\n<p class=\"ext-animate--on\">Este sitio web puede utilizar cookies t\u00e9cnicas y de an\u00e1lisis. Para m\u00e1s informaci\u00f3n, el usuario puede consultar la Pol\u00edtica de Cookies.<\/p>\n\n\n\n<hr class=\"wp-block-separator has-alpha-channel-opacity ext-animate--on\"\/>\n\n\n\n<p class=\"ext-animate--on\"><strong>9. Legislaci\u00f3n aplicable y jurisdicci\u00f3n<\/strong><\/p>\n\n\n\n<p class=\"ext-animate--on\">La relaci\u00f3n entre el titular del sitio web y el usuario se regir\u00e1 por la normativa espa\u00f1ola vigente.<\/p>\n\n\n\n<p class=\"ext-animate--on\">Para la resoluci\u00f3n de cualquier conflicto que pudiera surgir, ambas partes se someter\u00e1n a los juzgados y tribunales que correspondan conforme a derecho.<\/p>\n","protected":false},"excerpt":{"rendered":"<p>1. Datos identificativos En cumplimiento con el deber de informaci\u00f3n recogido en la Ley 34\/2002, de Servicios de la Sociedad de la Informaci\u00f3n y del Comercio Electr\u00f3nico (LSSI-CE), se informa que el presente sitio web pertenece a: 2. Objeto El presente sitio web tiene car\u00e1cter informativo y tiene como finalidad dar a conocer la actividad [&hellip;]<\/p>\n","protected":false},"author":1,"featured_media":0,"parent":0,"menu_order":0,"comment_status":"closed","ping_status":"closed","template":"page-with-title","meta":{"footnotes":""},"class_list":["post-117","page","type-page","status-publish","hentry"],"_links":{"self":[{"href":"https:\/\/blvintage.com\/es_es\/wp-json\/wp\/v2\/pages\/117","targetHints":{"allow":["GET"]}}],"collection":[{"href":"https:\/\/blvintage.com\/es_es\/wp-json\/wp\/v2\/pages"}],"about":[{"href":"https:\/\/blvintage.com\/es_es\/wp-json\/wp\/v2\/types\/page"}],"author":[{"embeddable":true,"href":"https:\/\/blvintage.com\/es_es\/wp-json\/wp\/v2\/users\/1"}],"replies":[{"embeddable":true,"href":"https:\/\/blvintage.com\/es_es\/wp-json\/wp\/v2\/comments?post=117"}],"version-history":[{"count":1,"href":"https:\/\/blvintage.com\/es_es\/wp-json\/wp\/v2\/pages\/117\/revisions"}],"predecessor-version":[{"id":118,"href":"https:\/\/blvintage.com\/es_es\/wp-json\/wp\/v2\/pages\/117\/revisions\/118"}],"wp:attachment":[{"href":"https:\/\/blvintage.com\/es_es\/wp-json\/wp\/v2\/media?parent=117"}],"curies":[{"name":"wp","href":"https:\/\/api.w.org\/{rel}","templated":true}]}}