{"id":141,"date":"2026-04-11T19:30:27","date_gmt":"2026-04-11T17:30:27","guid":{"rendered":"https:\/\/home-5020208723.webspace-host.com\/?page_id=141"},"modified":"2026-04-12T17:19:50","modified_gmt":"2026-04-12T15:19:50","slug":"sobre-nosotros","status":"publish","type":"page","link":"https:\/\/blvintage.com\/es_es\/sobre-nosotros\/","title":{"rendered":"Sobre nosotros"},"content":{"rendered":"\n<figure class=\"wp-block-image size-full ext-animate--on\"><img loading=\"lazy\" decoding=\"async\" width=\"680\" height=\"453\" src=\"https:\/\/home-5020208723.webspace-host.com\/wp-content\/uploads\/2026\/04\/LocalCanon-33-1.jpg\" alt=\"\" class=\"wp-image-135\" srcset=\"https:\/\/blvintage.com\/wp-content\/uploads\/2026\/04\/LocalCanon-33-1.jpg 680w, https:\/\/blvintage.com\/wp-content\/uploads\/2026\/04\/LocalCanon-33-1-300x200.jpg 300w, https:\/\/blvintage.com\/wp-content\/uploads\/2026\/04\/LocalCanon-33-1-18x12.jpg 18w\" sizes=\"auto, (max-width: 680px) 100vw, 680px\" \/><\/figure>\n\n\n\n<p class=\"ext-animate--on has-koulen-font-family\">Somos Yovana y Adonai, y en 2018 decidimos convertir nuestra pasi\u00f3n en nuestra forma de vida. Despu\u00e9s de a\u00f1os en el mundo del retail, dimos el paso de crear algo propio: un espacio donde trasladar nuestra forma de entender la ropa y el consumo.<\/p>\n\n\n\n<p class=\"ext-animate--on has-koulen-font-family\">Antes de eso, pasamos una temporada en Londres, donde incluso llegamos a montar un peque\u00f1o puesto de corbatas vintage en el mercadillo de Portobello Road. Fue algo breve, casi anecd\u00f3tico, pero forma parte del camino.<\/p>\n\n\n\n<p class=\"ext-animate--on has-koulen-font-family\">Porque la realidad es que todo empieza mucho antes: siempre nos ha gustado perdernos durante horas en mercadillos, tiendas de segunda mano o charity shops, buscando lo que otros pasan por alto. Nos gusta rebuscar, encontrar, seleccionar. Hacer el trabajo que muchos no ven.<\/p>\n\n\n\n<p class=\"ext-animate--on has-koulen-font-family\">Aqu\u00ed apostamos por el trato cercano. Nos gusta que nos preguntes, recomendarte sin filtros y ayudarte a encontrar piezas que realmente encajen contigo.<\/p>\n\n\n\n<p class=\"ext-animate--on has-koulen-font-family\">La mayor\u00eda de las prendas que encontrar\u00e1s han sido elegidas por nosotros, una a una. Piezas que nos representan, cuidadas y revisadas para que puedan tener una segunda \u2014o tercera\u2014 vida.<\/p>\n\n\n\n<p class=\"ext-animate--on has-koulen-font-family\">Porque para nosotros esto no va solo de ropa. Va de identidad.<\/p>\n\n\n\n<p class=\"ext-animate--on has-koulen-font-family\"><\/p>\n\n\n\n<p class=\"ext-animate--on\"><\/p>\n\n\n\n<p class=\"ext-animate--on\"><\/p>\n","protected":false},"excerpt":{"rendered":"<p>Somos Yovana y Adonai, y en 2018 decidimos convertir nuestra pasi\u00f3n en nuestra forma de vida. Despu\u00e9s de a\u00f1os en el mundo del retail, dimos el paso de crear algo propio: un espacio donde trasladar nuestra forma de entender la ropa y el consumo. Antes de eso, pasamos una temporada en Londres, donde incluso llegamos [&hellip;]<\/p>\n","protected":false},"author":1,"featured_media":0,"parent":0,"menu_order":0,"comment_status":"closed","ping_status":"closed","template":"page-with-title","meta":{"footnotes":""},"class_list":["post-141","page","type-page","status-publish","hentry"],"_links":{"self":[{"href":"https:\/\/blvintage.com\/es_es\/wp-json\/wp\/v2\/pages\/141","targetHints":{"allow":["GET"]}}],"collection":[{"href":"https:\/\/blvintage.com\/es_es\/wp-json\/wp\/v2\/pages"}],"about":[{"href":"https:\/\/blvintage.com\/es_es\/wp-json\/wp\/v2\/types\/page"}],"author":[{"embeddable":true,"href":"https:\/\/blvintage.com\/es_es\/wp-json\/wp\/v2\/users\/1"}],"replies":[{"embeddable":true,"href":"https:\/\/blvintage.com\/es_es\/wp-json\/wp\/v2\/comments?post=141"}],"version-history":[{"count":2,"href":"https:\/\/blvintage.com\/es_es\/wp-json\/wp\/v2\/pages\/141\/revisions"}],"predecessor-version":[{"id":170,"href":"https:\/\/blvintage.com\/es_es\/wp-json\/wp\/v2\/pages\/141\/revisions\/170"}],"wp:attachment":[{"href":"https:\/\/blvintage.com\/es_es\/wp-json\/wp\/v2\/media?parent=141"}],"curies":[{"name":"wp","href":"https:\/\/api.w.org\/{rel}","templated":true}]}}