{"id":31,"date":"2026-04-11T08:52:41","date_gmt":"2026-04-11T08:52:41","guid":{"rendered":"https:\/\/blvintage.com\/inicio\/"},"modified":"2026-04-12T18:25:40","modified_gmt":"2026-04-12T16:25:40","slug":"inicio","status":"publish","type":"page","link":"https:\/\/blvintage.com\/es_es\/","title":{"rendered":"Inicio"},"content":{"rendered":"\n<div class=\"wp-block-group alignfull ext-hero-section is-style-ext-preset--group--natural-1--section has-background-background-color has-background has-global-padding is-layout-constrained wp-container-core-group-is-layout-e96f6837 wp-block-group-is-layout-constrained\" style=\"margin-top:0;margin-bottom:0;padding-top:0;padding-right:0;padding-bottom:0;padding-left:0\">\n<div class=\"wp-block-cover alignfull is-style-default\" style=\"border-top-left-radius:0px;border-top-right-radius:0px;border-bottom-left-radius:0px;border-bottom-right-radius:0px;padding-top:var(--wp--preset--spacing--70);padding-right:var(--wp--preset--spacing--30);padding-bottom:var(--wp--preset--spacing--70);padding-left:var(--wp--preset--spacing--30);min-height:60vh;aspect-ratio:unset;\"><img loading=\"lazy\" decoding=\"async\" width=\"680\" height=\"453\" class=\"wp-block-cover__image-background wp-image-53 size-full\" alt=\"\" src=\"https:\/\/blvintage.com\/wp-content\/uploads\/2026\/04\/blfondo.jpeg\" data-object-fit=\"cover\"\/><span aria-hidden=\"true\" class=\"wp-block-cover__background has-background-dim-0 has-background-dim\" style=\"background-color:#010101\"><\/span><div class=\"wp-block-cover__inner-container has-global-padding is-layout-constrained wp-container-core-cover-is-layout-01ff2e39 wp-block-cover-is-layout-constrained\">\n<div class=\"wp-block-group alignwide is-style-ext-preset--group--natural-1--item-card-1--align-start has-foreground-color has-text-color has-background has-link-color wp-elements-98679d96e4e8ae33416ad0b5788402a9 has-global-padding is-layout-constrained wp-block-group-is-layout-constrained is-style-ext-preset--group--natural-1--item-card-1--align-start--2\" style=\"background-color:#ffffff00;padding-top:0;padding-bottom:0\">\n<div class=\"wp-block-cover alignwide is-light ext-animate--on\" style=\"padding-top:0;padding-right:0;padding-bottom:0;padding-left:0\"><span aria-hidden=\"true\" class=\"wp-block-cover__background has-background-background-color has-background-dim-90 has-background-dim\"><\/span><div class=\"wp-block-cover__inner-container has-global-padding is-layout-constrained wp-container-core-cover-is-layout-639b5052 wp-block-cover-is-layout-constrained\">\n<div class=\"wp-block-group alignwide is-style-default has-border-color has-background is-vertical is-content-justification-center is-layout-flex wp-container-core-group-is-layout-8c83b79f wp-block-group-is-layout-flex\" style=\"border-color:#010110;border-style:solid;border-width:7px;border-top-left-radius:28px;border-top-right-radius:28px;border-bottom-left-radius:28px;border-bottom-right-radius:28px;background-color:#ffffff00;padding-top:var(--wp--preset--spacing--50);padding-right:var(--wp--preset--spacing--50);padding-bottom:var(--wp--preset--spacing--50);padding-left:var(--wp--preset--spacing--50)\">\n<h1 class=\"wp-block-heading has-text-align-center ext-animate--on has-foreground-color has-text-color has-link-color has-koulen-font-family has-xx-large-font-size wp-elements-577bd2c426c8f09219bd7d5eb4f89fb0\">Antes de que todo se pareciera a todo&#8230;<\/h1>\n\n\n\n<p class=\"has-text-align-center ext-animate--on has-foreground-alt-color has-text-color has-link-color has-koulen-font-family wp-elements-16733581007761244f639ac36b99cc20\" style=\"margin-top:24px;font-size:clamp(14px, 0.875rem + ((1vw - 3.2px) * 0.417), 18px);\">Vintage urbano seleccionado en Le\u00f3n, desde 2018<\/p>\n\n\n\n<div class=\"wp-block-buttons ext-animate--on is-layout-flex wp-block-buttons-is-layout-flex\" style=\"margin-top:var(--wp--preset--spacing--30)\"><\/div>\n<\/div>\n<\/div><\/div>\n<\/div>\n<\/div><\/div>\n<\/div>\n\n\n\n<div class=\"wp-block-group alignfull is-style-ext-preset--group--natural-1--section has-tertiary-background-color has-background has-global-padding is-layout-constrained wp-block-group-is-layout-constrained\" id=\"acerca-de\" style=\"margin-top:0;margin-bottom:0;padding-top:var(--wp--preset--spacing--70);padding-bottom:var(--wp--preset--spacing--70)\">\n<div class=\"wp-block-columns alignwide are-vertically-aligned-center is-layout-flex wp-container-core-columns-is-layout-174606dc wp-block-columns-is-layout-flex\">\n<div class=\"wp-block-column is-vertically-aligned-center is-layout-flow wp-block-column-is-layout-flow\">\n<figure class=\"wp-block-image size-full is-resized is-style-ext-preset--image--natural-1--image-1--content-right ext-animate--on is-style-ext-preset--image--natural-1--image-1--content-right--4\"><img loading=\"lazy\" decoding=\"async\" width=\"300\" height=\"510\" src=\"https:\/\/blvintage.com\/wp-content\/uploads\/2026\/04\/LocalSony-1.jpg\" alt=\"\" class=\"wp-image-64\" style=\"aspect-ratio:1;object-fit:cover;width:471px;height:auto\" srcset=\"https:\/\/blvintage.com\/wp-content\/uploads\/2026\/04\/LocalSony-1.jpg 300w, https:\/\/blvintage.com\/wp-content\/uploads\/2026\/04\/LocalSony-1-176x300.jpg 176w, https:\/\/blvintage.com\/wp-content\/uploads\/2026\/04\/LocalSony-1-7x12.jpg 7w\" sizes=\"auto, (max-width: 300px) 100vw, 300px\" \/><\/figure>\n<\/div>\n\n\n\n<div class=\"wp-block-column is-vertically-aligned-center is-layout-flow wp-block-column-is-layout-flow\">\n<h2 class=\"wp-block-heading ext-animate--on has-koulen-font-family\">Ropa urbana vintage, revive los 80, 90 y 00<\/h2>\n\n\n\n<p class=\"ext-animate--on has-koulen-font-family\" style=\"margin-top:1.5rem\">En Brick Lane Vintage nos centramos en la moda urbana atemporal, ofreciendo prendas seleccionadas que combinan estilo y nostalgia.<\/p>\n<\/div>\n<\/div>\n<\/div>\n\n\n\n<div class=\"wp-block-group alignfull is-style-ext-preset--group--natural-1--section has-background has-global-padding is-layout-constrained wp-container-core-group-is-layout-e955bbaf wp-block-group-is-layout-constrained\" style=\"background-color:#fff7f9;margin-top:0;margin-bottom:0;padding-top:var(--wp--preset--spacing--70);padding-bottom:var(--wp--preset--spacing--70)\">\n<div class=\"wp-block-group alignwide ext-is-logical-start has-global-padding is-content-justification-left is-layout-constrained wp-container-core-group-is-layout-20186816 wp-block-group-is-layout-constrained\">\n<h2 class=\"wp-block-heading has-text-align-left ext-animate--on has-koulen-font-family\">Moda urbana con alma vintage<\/h2>\n\n\n\n<p class=\"has-text-align-left ext-animate--on has-koulen-font-family\" style=\"margin-top:1.5rem\">Descubre nuestra colecci\u00f3n exclusiva de ropa vintage, con piezas \u00fanicas que reflejan estilo y nostalgia.<\/p>\n<\/div>\n\n\n\n<div class=\"wp-block-columns alignwide has-koulen-font-family is-layout-flex wp-container-core-columns-is-layout-28f84493 wp-block-columns-is-layout-flex\">\n<div class=\"wp-block-column is-vertically-aligned-stretch ext-animate--on is-layout-flow wp-block-column-is-layout-flow\">\n<div class=\"wp-block-group is-style-ext-preset--group--natural-1--item-card-1--align-start has-tertiary-background-color has-background is-vertical is-content-justification-stretch is-layout-flex wp-container-core-group-is-layout-4cb539e6 wp-block-group-is-layout-flex is-style-ext-preset--group--natural-1--item-card-1--align-start--6\" style=\"min-height:100%;padding-top:0;padding-right:0;padding-bottom:0;padding-left:0\">\n<figure class=\"wp-block-image size-large\"><img loading=\"lazy\" decoding=\"async\" width=\"1024\" height=\"1024\" src=\"https:\/\/blvintage.com\/wp-content\/uploads\/2026\/04\/WhatsApp-Image-2026-04-11-at-11.36.14-1024x1024.jpeg\" alt=\"\" class=\"wp-image-67\" style=\"aspect-ratio:1;object-fit:cover\" srcset=\"https:\/\/blvintage.com\/wp-content\/uploads\/2026\/04\/WhatsApp-Image-2026-04-11-at-11.36.14-1024x1024.jpeg 1024w, https:\/\/blvintage.com\/wp-content\/uploads\/2026\/04\/WhatsApp-Image-2026-04-11-at-11.36.14-300x300.jpeg 300w, https:\/\/blvintage.com\/wp-content\/uploads\/2026\/04\/WhatsApp-Image-2026-04-11-at-11.36.14-150x150.jpeg 150w, https:\/\/blvintage.com\/wp-content\/uploads\/2026\/04\/WhatsApp-Image-2026-04-11-at-11.36.14-768x768.jpeg 768w, https:\/\/blvintage.com\/wp-content\/uploads\/2026\/04\/WhatsApp-Image-2026-04-11-at-11.36.14-1536x1536.jpeg 1536w, https:\/\/blvintage.com\/wp-content\/uploads\/2026\/04\/WhatsApp-Image-2026-04-11-at-11.36.14-12x12.jpeg 12w, https:\/\/blvintage.com\/wp-content\/uploads\/2026\/04\/WhatsApp-Image-2026-04-11-at-11.36.14.jpeg 2048w\" sizes=\"auto, (max-width: 1024px) 100vw, 1024px\" \/><\/figure>\n\n\n\n<div class=\"wp-block-group is-style-default wp-container-content-9cfa9a5a is-vertical is-content-justification-stretch is-layout-flex wp-container-core-group-is-layout-d1099038 wp-block-group-is-layout-flex\" style=\"margin-top:0;padding-top:1.5rem;padding-right:1.5rem;padding-bottom:1.5rem;padding-left:1.5rem\">\n<div class=\"wp-block-columns is-not-stacked-on-mobile is-layout-flex wp-container-core-columns-is-layout-ea69a204 wp-block-columns-is-layout-flex\">\n<div class=\"wp-block-column is-layout-flow wp-block-column-is-layout-flow\" style=\"flex-basis:66.66%\">\n<h3 class=\"wp-block-heading has-text-align-center has-koulen-font-family has-medium-font-size\">american sports<\/h3>\n\n\n\n<p class=\"has-text-align-center\" style=\"margin-top:4px;margin-bottom:0;font-size:14px\">selecci\u00f3n de camisetas de deportes americanos<\/p>\n<\/div>\n<\/div>\n<\/div>\n<\/div>\n<\/div>\n\n\n\n<div class=\"wp-block-column is-vertically-aligned-stretch ext-animate--on is-layout-flow wp-block-column-is-layout-flow\">\n<div class=\"wp-block-group is-style-ext-preset--group--natural-1--item-card-1--align-start has-tertiary-background-color has-background is-vertical is-content-justification-stretch is-layout-flex wp-container-core-group-is-layout-4cb539e6 wp-block-group-is-layout-flex is-style-ext-preset--group--natural-1--item-card-1--align-start--7\" style=\"min-height:100%;padding-top:0;padding-right:0;padding-bottom:0;padding-left:0\">\n<figure class=\"wp-block-image size-large\"><img loading=\"lazy\" decoding=\"async\" width=\"1024\" height=\"1024\" src=\"https:\/\/blvintage.com\/wp-content\/uploads\/2026\/04\/WhatsApp-Image-2026-04-11-at-11.48.37-1-1024x1024.jpeg\" alt=\"\" class=\"wp-image-69\" style=\"aspect-ratio:1;object-fit:cover\" srcset=\"https:\/\/blvintage.com\/wp-content\/uploads\/2026\/04\/WhatsApp-Image-2026-04-11-at-11.48.37-1-1024x1024.jpeg 1024w, https:\/\/blvintage.com\/wp-content\/uploads\/2026\/04\/WhatsApp-Image-2026-04-11-at-11.48.37-1-300x300.jpeg 300w, https:\/\/blvintage.com\/wp-content\/uploads\/2026\/04\/WhatsApp-Image-2026-04-11-at-11.48.37-1-150x150.jpeg 150w, https:\/\/blvintage.com\/wp-content\/uploads\/2026\/04\/WhatsApp-Image-2026-04-11-at-11.48.37-1-768x768.jpeg 768w, https:\/\/blvintage.com\/wp-content\/uploads\/2026\/04\/WhatsApp-Image-2026-04-11-at-11.48.37-1-1536x1536.jpeg 1536w, https:\/\/blvintage.com\/wp-content\/uploads\/2026\/04\/WhatsApp-Image-2026-04-11-at-11.48.37-1-12x12.jpeg 12w, https:\/\/blvintage.com\/wp-content\/uploads\/2026\/04\/WhatsApp-Image-2026-04-11-at-11.48.37-1.jpeg 2048w\" sizes=\"auto, (max-width: 1024px) 100vw, 1024px\" \/><\/figure>\n\n\n\n<div class=\"wp-block-group is-style-default wp-container-content-9cfa9a5a is-vertical is-content-justification-stretch is-layout-flex wp-container-core-group-is-layout-d1099038 wp-block-group-is-layout-flex\" style=\"margin-top:0;padding-top:1.5rem;padding-right:1.5rem;padding-bottom:1.5rem;padding-left:1.5rem\">\n<div class=\"wp-block-columns is-not-stacked-on-mobile is-layout-flex wp-container-core-columns-is-layout-ea69a204 wp-block-columns-is-layout-flex\">\n<div class=\"wp-block-column is-layout-flow wp-block-column-is-layout-flow\" style=\"flex-basis:66.66%\">\n<h3 class=\"wp-block-heading has-koulen-font-family has-medium-font-size\">Cazadoras de piel<\/h3>\n\n\n\n<p class=\"has-text-align-center\" style=\"margin-top:4px;margin-bottom:0;font-size:14px\">selecci\u00f3n de cazadoras de piel de diferentes estilos<\/p>\n<\/div>\n\n\n\n<div class=\"wp-block-column is-layout-flow wp-block-column-is-layout-flow\" style=\"flex-basis:33.33%\"><\/div>\n<\/div>\n<\/div>\n<\/div>\n<\/div>\n\n\n\n<div class=\"wp-block-column is-vertically-aligned-stretch ext-animate--on is-layout-flow wp-block-column-is-layout-flow\">\n<div class=\"wp-block-group is-style-ext-preset--group--natural-1--item-card-1--align-start has-tertiary-background-color has-background is-vertical is-content-justification-stretch is-layout-flex wp-container-core-group-is-layout-4cb539e6 wp-block-group-is-layout-flex is-style-ext-preset--group--natural-1--item-card-1--align-start--8\" style=\"min-height:100%;padding-top:0;padding-right:0;padding-bottom:0;padding-left:0\">\n<figure class=\"wp-block-image size-large\"><img loading=\"lazy\" decoding=\"async\" width=\"1024\" height=\"1024\" src=\"https:\/\/blvintage.com\/wp-content\/uploads\/2026\/04\/WhatsApp-Image-2026-04-11-at-11.57.52-1024x1024.jpeg\" alt=\"\" class=\"wp-image-70\" style=\"aspect-ratio:1;object-fit:cover\" srcset=\"https:\/\/blvintage.com\/wp-content\/uploads\/2026\/04\/WhatsApp-Image-2026-04-11-at-11.57.52-1024x1024.jpeg 1024w, https:\/\/blvintage.com\/wp-content\/uploads\/2026\/04\/WhatsApp-Image-2026-04-11-at-11.57.52-300x300.jpeg 300w, https:\/\/blvintage.com\/wp-content\/uploads\/2026\/04\/WhatsApp-Image-2026-04-11-at-11.57.52-150x150.jpeg 150w, https:\/\/blvintage.com\/wp-content\/uploads\/2026\/04\/WhatsApp-Image-2026-04-11-at-11.57.52-768x768.jpeg 768w, https:\/\/blvintage.com\/wp-content\/uploads\/2026\/04\/WhatsApp-Image-2026-04-11-at-11.57.52-1536x1536.jpeg 1536w, https:\/\/blvintage.com\/wp-content\/uploads\/2026\/04\/WhatsApp-Image-2026-04-11-at-11.57.52-12x12.jpeg 12w, https:\/\/blvintage.com\/wp-content\/uploads\/2026\/04\/WhatsApp-Image-2026-04-11-at-11.57.52.jpeg 2048w\" sizes=\"auto, (max-width: 1024px) 100vw, 1024px\" \/><\/figure>\n\n\n\n<div class=\"wp-block-group is-style-default wp-container-content-9cfa9a5a is-vertical is-content-justification-stretch is-layout-flex wp-container-core-group-is-layout-2f2da33a wp-block-group-is-layout-flex\" style=\"margin-top:0;padding-top:1.5rem;padding-right:1.5rem;padding-bottom:1.5rem;padding-left:1.5rem\">\n<div class=\"wp-block-columns is-not-stacked-on-mobile is-layout-flex wp-container-core-columns-is-layout-ea69a204 wp-block-columns-is-layout-flex\">\n<div class=\"wp-block-column is-layout-flow wp-block-column-is-layout-flow\" style=\"flex-basis:66.66%\">\n<h3 class=\"wp-block-heading has-text-align-center has-koulen-font-family has-medium-font-size\">Pantalones <\/h3>\n\n\n\n<p class=\"has-text-align-center\" style=\"margin-top:4px;margin-bottom:0;font-size:14px\">gran variedad de pantalones de diferentes estilos para todas las tallas<\/p>\n\n\n\n<p class=\"ext-animate--on\"><\/p>\n<\/div>\n<\/div>\n<\/div>\n<\/div>\n<\/div>\n<\/div>\n<\/div>\n\n\n\n<h2 class=\"wp-block-heading ext-animate--on has-background-background-color has-background has-koulen-font-family\"><strong>Comprar en Brick Lane Vintage es algo m\u00e1s que elegir ropa.<\/strong><\/h2>\n\n\n\n<p class=\"ext-animate--on has-koulen-font-family\">Nos gusta el trato directo, recomendarte sin filtros y ayudarte a encontrar piezas con personalidad. Y s\u00ed, tambi\u00e9n nos gusta verte salir con una sonrisa.<\/p>\n\n\n\n<p class=\"ext-animate--on has-text-color has-link-color has-koulen-font-family wp-elements-6e8b913a75e5ea241be7ab11f3964b5d\" style=\"color:#000000\">Si vas a lo r\u00e1pido, puedes echar un vistazo a nuestro perfil en <a href=\"https:\/\/es.wallapop.com\/user\/bricklanev-90381247\"><em><strong>Wallapop<\/strong><\/em><\/a><\/p>\n\n\n\n<div class=\"wp-block-group alignfull is-style-ext-preset--group--natural-1--section ext-animate--on has-tertiary-background-color has-background has-global-padding is-layout-constrained wp-container-core-group-is-layout-e955bbaf wp-block-group-is-layout-constrained\" id=\"blog\" style=\"margin-top:0;margin-bottom:0;padding-top:var(--wp--preset--spacing--70);padding-bottom:var(--wp--preset--spacing--70)\">\n<div class=\"wp-block-group ext-animate--on has-global-padding is-layout-constrained wp-container-core-group-is-layout-2287c683 wp-block-group-is-layout-constrained\">\n<h2 class=\"wp-block-heading has-text-align-center ext-animate--on has-koulen-font-family\"><strong><mark style=\"background-color:rgba(0, 0, 0, 0);color:#fb0a0a\" class=\"has-inline-color\">Vintage<\/mark><\/strong> no es est\u00e9tica. Es actitud.<\/h2>\n\n\n\n<p class=\"has-text-align-center ext-animate--on has-koulen-font-family\">Creemos en las segundas oportunidades, en consumir con cabeza y en huir de lo que todo el mundo lleva. Aqu\u00ed no vienes a comprar ropa: vienes a encontrar piezas con historia, no copias sin alma.<\/p>\n<\/div>\n\n\n\n<div data-wp-context=\"{}\" data-wp-interactive=\"core\/query\" data-wp-key=\"10\" data-wp-router-region=\"query-10\" class=\"wp-block-query alignwide ext-animate--on has-global-padding is-layout-constrained wp-container-core-query-is-layout-f1ba3e7e wp-block-query-is-layout-constrained\"><\/div>\n<\/div>\n\n\n\n<div class=\"wp-block-group alignfull is-style-ext-preset--group--natural-1--section has-tertiary-background-color has-background has-global-padding is-layout-constrained wp-block-group-is-layout-constrained\" style=\"margin-top:0;margin-bottom:0;padding-top:var(--wp--preset--spacing--70);padding-bottom:var(--wp--preset--spacing--70)\">\n<div class=\"wp-block-columns alignwide is-layout-flex wp-container-core-columns-is-layout-08c01c1c wp-block-columns-is-layout-flex\">\n<div class=\"wp-block-column is-vertically-aligned-center ext-animate--on is-layout-flow wp-block-column-is-layout-flow\">\n<figure class=\"wp-block-image size-full is-style-ext-preset--image--natural-1--image-1--content-left is-style-ext-preset--image--natural-1--image-1--content-left--11\"><img loading=\"lazy\" decoding=\"async\" width=\"557\" height=\"510\" src=\"https:\/\/blvintage.com\/wp-content\/uploads\/2026\/04\/unnamed.gif\" alt=\"\" class=\"wp-image-73\" style=\"aspect-ratio:4\/3;object-fit:cover\"\/><\/figure>\n<\/div>\n\n\n\n<div class=\"wp-block-column is-vertically-aligned-stretch ext-animate--on is-layout-flow wp-block-column-is-layout-flow\">\n<div class=\"wp-block-group alignwide is-style-ext-preset--group--natural-1--item-card-1--align-start has-background is-nowrap is-layout-flex wp-container-core-group-is-layout-bcde1d39 wp-block-group-is-layout-flex is-style-ext-preset--group--natural-1--item-card-1--align-start--12\" style=\"background-color:#fff8f7;min-height:100%;padding-top:0;padding-right:0;padding-bottom:0;padding-left:0\">\n<div class=\"wp-block-group alignwide has-koulen-font-family has-global-padding is-layout-constrained wp-container-core-group-is-layout-db1a079d wp-block-group-is-layout-constrained\" style=\"padding-top:var(--wp--preset--spacing--50);padding-right:var(--wp--preset--spacing--50);padding-bottom:var(--wp--preset--spacing--50);padding-left:var(--wp--preset--spacing--50)\">\n<p class=\"has-koulen-font-family\" style=\"font-size:clamp(14px, 0.875rem + ((1vw - 3.2px) * 0.417), 18px);\">Encuentranos en:<\/p>\n\n\n\n<div class=\"wp-block-columns is-not-stacked-on-mobile is-layout-flex wp-container-core-columns-is-layout-6db7e666 wp-block-columns-is-layout-flex\">\n<div class=\"wp-block-column is-layout-flow wp-block-column-is-layout-flow\" style=\"padding-top:2px;flex-basis:24px\">\n<figure class=\"wp-block-image size-large wp-duotone-ff0000-010110-13\"><img decoding=\"async\" src=\"data:image\/svg+xml;base64,PHN2ZyB4bWxucz0iaHR0cDovL3d3dy53My5vcmcvMjAwMC9zdmciIHdpZHRoPSIyNCIgaGVpZ2h0PSIyNCIgZmlsbD0iIzAwMDAwMCIgdmlld0JveD0iMCAwIDI1NiAyNTYiPjxwYXRoIGQ9Ik0yMDAsMjI0SDE1MC41NEEyNjYuNTYsMjY2LjU2LDAsMCwwLDE3NCwyMDAuMjVjMjcuNDUtMzEuNTcsNDItNjQuODUsNDItOTYuMjVhODgsODgsMCwwLDAtMTc2LDBjMCwzMS40LDE0LjUxLDY0LjY4LDQyLDk2LjI1QTI2Ni41NiwyNjYuNTYsMCwwLDAsMTA1LjQ2LDIyNEg1NmE4LDgsMCwwLDAsMCwxNkgyMDBhOCw4LDAsMCwwLDAtMTZaTTU2LDEwNGE3Miw3MiwwLDAsMSwxNDQsMGMwLDU3LjIzLTU1LjQ3LDEwNS03MiwxMThDMTExLjQ3LDIwOSw1NiwxNjEuMjMsNTYsMTA0Wm0xMTIsMGE0MCw0MCwwLDEsMC00MCw0MEE0MCw0MCwwLDAsMCwxNjgsMTA0Wm0tNjQsMGEyNCwyNCwwLDEsMSwyNCwyNEEyNCwyNCwwLDAsMSwxMDQsMTA0WiI+PC9wYXRoPjwvc3ZnPg==\" alt=\"\"\/><\/figure>\n<\/div>\n\n\n\n<div class=\"wp-block-column is-layout-flow wp-container-core-column-is-layout-8a368f38 wp-block-column-is-layout-flow\">\n<p class=\"has-medium-font-size\" style=\"font-style:normal;font-weight:500\">Calle Los Robles 15, Le\u00f3n<\/p>\n<\/div>\n<\/div>\n\n\n\n<div class=\"wp-block-columns are-vertically-aligned-center is-not-stacked-on-mobile is-layout-flex wp-container-core-columns-is-layout-6db7e666 wp-block-columns-is-layout-flex\">\n<div class=\"wp-block-column is-vertically-aligned-center is-layout-flow wp-block-column-is-layout-flow\" style=\"flex-basis:24px\">\n<figure class=\"wp-block-image size-large wp-duotone-ff0000-010110-14\"><img decoding=\"async\" src=\"data:image\/svg+xml;base64,PHN2ZyB4bWxucz0iaHR0cDovL3d3dy53My5vcmcvMjAwMC9zdmciIHdpZHRoPSIyNCIgaGVpZ2h0PSIyNCIgZmlsbD0iIzAwMDAwMCIgdmlld0JveD0iMCAwIDI1NiAyNTYiPjxwYXRoIGQ9Ik0yMjIuMzcsMTU4LjQ2bC00Ny4xMS0yMS4xMS0uMTMtLjA2YTE2LDE2LDAsMCwwLTE1LjE3LDEuNCw4LjEyLDguMTIsMCwwLDAtLjc1LjU2TDEzNC44NywxNjBjLTE1LjQyLTcuNDktMzEuMzQtMjMuMjktMzguODMtMzguNTFsMjAuNzgtMjQuNzFjLjItLjI1LjM5LS41LjU3LS43N2ExNiwxNiwwLDAsMCwxLjMyLTE1LjA2bDAtLjEyTDk3LjU0LDMzLjY0YTE2LDE2LDAsMCwwLTE2LjYyLTkuNTJBNTYuMjYsNTYuMjYsMCwwLDAsMzIsODBjMCw3OS40LDY0LjYsMTQ0LDE0NCwxNDRhNTYuMjYsNTYuMjYsMCwwLDAsNTUuODgtNDguOTJBMTYsMTYsMCwwLDAsMjIyLjM3LDE1OC40NlpNMTc2LDIwOEExMjguMTQsMTI4LjE0LDAsMCwxLDQ4LDgwLDQwLjIsNDAuMiwwLDAsMSw4Mi44Nyw0MGEuNjEuNjEsMCwwLDAsMCwuMTJsMjEsNDdMODMuMiwxMTEuODZhNi4xMyw2LjEzLDAsMCwwLS41Ny43NywxNiwxNiwwLDAsMC0xLDE1LjdjOS4wNiwxOC41MywyNy43MywzNy4wNiw0Ni40Niw0Ni4xMWExNiwxNiwwLDAsMCwxNS43NS0xLjE0LDguNDQsOC40NCwwLDAsMCwuNzQtLjU2TDE2OC44OSwxNTJsNDcsMjEuMDVoMHMuMDgsMCwuMTEsMEE0MC4yMSw0MC4yMSwwLDAsMSwxNzYsMjA4WiI+PC9wYXRoPjwvc3ZnPg==\" alt=\"\"\/><\/figure>\n<\/div>\n\n\n\n<div class=\"wp-block-column is-vertically-aligned-center is-layout-flow wp-container-core-column-is-layout-8a368f38 wp-block-column-is-layout-flow\">\n<p class=\"has-medium-font-size\" style=\"font-style:normal;font-weight:500\">+34987919125<\/p>\n<\/div>\n<\/div>\n\n\n\n<div class=\"wp-block-columns are-vertically-aligned-center is-not-stacked-on-mobile is-layout-flex wp-container-core-columns-is-layout-6db7e666 wp-block-columns-is-layout-flex\">\n<div class=\"wp-block-column is-vertically-aligned-center is-layout-flow wp-block-column-is-layout-flow\" style=\"flex-basis:24px\">\n<figure class=\"wp-block-image size-large wp-duotone-ff0101-010110-15\"><img decoding=\"async\" src=\"data:image\/svg+xml;base64,PHN2ZyB4bWxucz0iaHR0cDovL3d3dy53My5vcmcvMjAwMC9zdmciIHdpZHRoPSIyNCIgaGVpZ2h0PSIyNCIgZmlsbD0iIzAwMDAwMCIgdmlld0JveD0iMCAwIDI1NiAyNTYiPjxwYXRoIGQ9Ik0yMjQsNDhIMzJhOCw4LDAsMCwwLTgsOFYxOTJhMTYsMTYsMCwwLDAsMTYsMTZIMjE2YTE2LDE2LDAsMCwwLDE2LTE2VjU2QTgsOCwwLDAsMCwyMjQsNDhaTTIwMy40Myw2NCwxMjgsMTMzLjE1LDUyLjU3LDY0Wk0yMTYsMTkySDQwVjc0LjE5bDgyLjU5LDc1LjcxYTgsOCwwLDAsMCwxMC44MiwwTDIxNiw3NC4xOVYxOTJaIj48L3BhdGg+PC9zdmc+\" alt=\"\"\/><\/figure>\n<\/div>\n\n\n\n<div class=\"wp-block-column is-vertically-aligned-center is-layout-flow wp-container-core-column-is-layout-8a368f38 wp-block-column-is-layout-flow\">\n<p class=\"has-medium-font-size\" style=\"font-style:normal;font-weight:500\"><a href=\"mailto:shop@blvintage.com\">shop@blvintage.com<\/a><\/p>\n<\/div>\n<\/div>\n<\/div>\n<\/div>\n<\/div>\n<\/div>\n<\/div>\n","protected":false},"excerpt":{"rendered":"<p>Ropa urbana vintage, revive los 80, 90 y 00 En Brick Lane Vintage nos centramos en la moda urbana atemporal, ofreciendo prendas seleccionadas que combinan estilo y nostalgia. Moda urbana con alma vintage Descubre nuestra colecci\u00f3n exclusiva de ropa vintage, con piezas \u00fanicas que reflejan estilo y nostalgia. american sports selecci\u00f3n de camisetas de deportes [&hellip;]<\/p>\n","protected":false},"author":1,"featured_media":0,"parent":0,"menu_order":0,"comment_status":"closed","ping_status":"closed","template":"no-title","meta":{"footnotes":""},"class_list":["post-31","page","type-page","status-publish","hentry"],"_links":{"self":[{"href":"https:\/\/blvintage.com\/es_es\/wp-json\/wp\/v2\/pages\/31","targetHints":{"allow":["GET"]}}],"collection":[{"href":"https:\/\/blvintage.com\/es_es\/wp-json\/wp\/v2\/pages"}],"about":[{"href":"https:\/\/blvintage.com\/es_es\/wp-json\/wp\/v2\/types\/page"}],"author":[{"embeddable":true,"href":"https:\/\/blvintage.com\/es_es\/wp-json\/wp\/v2\/users\/1"}],"replies":[{"embeddable":true,"href":"https:\/\/blvintage.com\/es_es\/wp-json\/wp\/v2\/comments?post=31"}],"version-history":[{"count":18,"href":"https:\/\/blvintage.com\/es_es\/wp-json\/wp\/v2\/pages\/31\/revisions"}],"predecessor-version":[{"id":203,"href":"https:\/\/blvintage.com\/es_es\/wp-json\/wp\/v2\/pages\/31\/revisions\/203"}],"wp:attachment":[{"href":"https:\/\/blvintage.com\/es_es\/wp-json\/wp\/v2\/media?parent=31"}],"curies":[{"name":"wp","href":"https:\/\/api.w.org\/{rel}","templated":true}]}}